{"id":27,"date":"2021-09-30T15:16:53","date_gmt":"2021-09-30T15:16:53","guid":{"rendered":"https:\/\/microformats.com.br\/blog\/home\/"},"modified":"2021-09-30T15:16:53","modified_gmt":"2021-09-30T15:16:53","slug":"home","status":"publish","type":"page","link":"https:\/\/microformats.com.br\/blog\/home\/","title":{"rendered":"Home"},"content":{"rendered":"\n\nLorem Ipsum has been the industry&#8217;s standard dummy text ever since the 1500s.\n\n\nLorem Ipsum has been the industry&#8217;s standard dummy text ever since the 1500s.\n\n\nLorem Ipsum has been the industry&#8217;s standard dummy text ever since the 1500s.\n\n\nLorem Ipsum has been the industry&#8217;s standard dummy text ever since the 1500s.\n\n\n\n\n<h2>Welcome to LegalPad<\/h2>\n<p>Veritatis et quasi architecto beatae vitae dicta sunt explicabo. Nemo enim ipsam voluptatem quia voluptas sit aspernatur aut odit aut fugit nemo minima rerums unsers sadips amets. Sed ut perspiciatis unde sed quia consequuntur.<\/p>\n\n\nLorem Ipsum has been the industry&#8217;s standard dummy text, when an unknown printer took a galley of type and scrambled it to make a type specimen book.\n\n\nLorem Ipsum has been the industry&#8217;s standard dummy text, when an unknown printer took a galley of type and scrambled it to make a type specimen book.\n\n\nLorem Ipsum has been the industry&#8217;s standard dummy text, when an unknown printer took a galley of type and scrambled it to make a type specimen book.\n\n\nLorem Ipsum has been the industry&#8217;s standard dummy text, when an unknown printer took a galley of type and scrambled it to make a type specimen book.\n\n\n\n\n\n\n\n\n\n\n<p><span>Lorem Ipsum has been the industry&#8217;s standard dummy text ever since the 1500s, when an unknown printer took a galley of type and scrambled it to make a type specimen book.<\/span><\/p>\n\n\n\n\n\n\n\n\n\n\n\n\n\n\n\n\n\n\n<h2>Our Practice Areas<\/h2>\n<p>\u00a0The point of using Lorem Ipsum is that it has a more-or-less normal distribution of letters, as opposed to using &#8216;Content here, content here&#8217;, making it look like readable English.<\/p>\n\n\n\n\nLorem Ipsum has been the industry&#8217;s standard dummy text ever since the 1500s, when an unknown printer took a galley of type and scrambled it to make a type specimen book.\n\n\nLorem Ipsum has been the industry&#8217;s standard dummy text ever since the 1500s, when an unknown printer took a galley of type and scrambled it to make a type specimen book.\n\n\nLorem Ipsum has been the industry&#8217;s standard dummy text ever since the 1500s, when an unknown printer took a galley of type and scrambled it to make a type specimen book.\n\n\n\n\nLorem Ipsum has been the industry&#8217;s standard dummy text ever since the 1500s, when an unknown printer took a galley of type and scrambled it to make a type specimen book.\n\n\nLorem Ipsum has been the industry&#8217;s standard dummy text ever since the 1500s, when an unknown printer took a galley of type and scrambled it to make a type specimen book.\n\n\nLorem Ipsum has been the industry&#8217;s standard dummy text ever since the 1500s, when an unknown printer took a galley of type and scrambled it to make a type specimen book.\n\n\n\n\n<h2>What Our Client Saying<\/h2>\n\n\n<h3 style=\"font-size: 25px\">Melinda<\/h3><p style=\"margin-top:10px;margin-bottom:10px\"><span style=\"font-size: 16px\"><strong>N. Davis<\/strong><\/span><\/p><p><span style=\"font-size: 16px\">It is a long established fact that a reader will be distracted by the readable content of a page when looking at its layout.<\/span><span style=\"font-size: 18px\"><\/span><span style=\"font-size: large\"><\/span><\/p>\n\n\n<h3 style=\"font-size: 25px\">Mark Wisely<\/h3><p style=\"margin-top:10px;margin-bottom:10px\"><span style=\"font-size: 16px\"><strong>N. Davis<\/strong><\/span><\/p><p><span style=\"font-size: 16px\">It is a long established fact that a reader will be distracted by the readable content of a page when looking at its layout.<\/span><span style=\"font-size: 18px\"><\/span><span style=\"font-size: large\"><\/span><\/p>\n\n\n<h3 style=\"font-size: 25px\">Henry Robinson<\/h3><p style=\"margin-top:10px;margin-bottom:10px\"><span style=\"font-size: 16px\"><strong>N. Davis<\/strong><\/span><\/p><p><span style=\"font-size: 16px\">It is a long established fact that a reader will be distracted by the readable content of a page when looking at its layout.<\/span><span style=\"font-size: 18px\"><\/span><span style=\"font-size: large\"><\/span><\/p>\n\n\n<h4 style=\"margin: 0px;padding: 0px;border: 0px;font-size: 25px;line-height: inherit;font-family: Raleway, sans-serif;vertical-align: baseline\">Steave David<\/h4><p style=\"margin-top:10px;margin-bottom:10px\"><span style=\"font-size: 16px\"><strong>N. Davis<\/strong><\/span><\/p><p><span style=\"font-size: 16px\">It is a long established fact that a reader will be distracted by the readable content of a page when looking at its layout.<\/span><span style=\"font-size: 18px\"><\/span><span style=\"font-size: large\"><\/span><\/p>\n\n\n\n\n\n\n<h2>Our Latest News<\/h2>\n<p>\u00a0The point of using Lorem Ipsum is that it has a more-or-less normal distribution of letters, as opposed to using &#8216;Content here, content here&#8217;, making it look like readable English.<\/p>\n\n\n\n\nLorem Ipsum has been the industry&#8217;s standard dummy text ever since the 1500s, when an unknown printer took a galley of type and scrambled it to make a type specimen book.\n\n\nLorem Ipsum has been the industry&#8217;s standard dummy text ever since the 1500s, when an unknown printer took a galley of type and scrambled it to make a type specimen book.\n\n\nLorem Ipsum has been the industry&#8217;s standard dummy text ever since the 1500s, when an unknown printer took a galley of type and scrambled it to make a type specimen book.\n\n","protected":false},"excerpt":{"rendered":"","protected":false},"author":0,"featured_media":0,"parent":0,"menu_order":0,"comment_status":"closed","ping_status":"closed","template":"","meta":{"pagelayer_contact_templates":[],"_pagelayer_content":"","footnotes":""},"class_list":["post-27","page","type-page","status-publish","hentry"],"yoast_head":"<!-- This site is optimized with the Yoast SEO plugin v26.9 - https:\/\/yoast.com\/product\/yoast-seo-wordpress\/ -->\n<title>Home - Informa\u00e7\u00f5es e Formatos<\/title>\n<meta name=\"robots\" content=\"index, follow, max-snippet:-1, max-image-preview:large, max-video-preview:-1\" \/>\n<link rel=\"canonical\" href=\"https:\/\/microformats.com.br\/blog\/home\/\" \/>\n<meta property=\"og:locale\" content=\"pt_BR\" \/>\n<meta property=\"og:type\" content=\"article\" \/>\n<meta property=\"og:title\" content=\"Home - Informa\u00e7\u00f5es e Formatos\" \/>\n<meta property=\"og:url\" content=\"https:\/\/microformats.com.br\/blog\/home\/\" \/>\n<meta property=\"og:site_name\" content=\"Informa\u00e7\u00f5es e Formatos\" \/>\n<meta name=\"twitter:card\" content=\"summary_large_image\" \/>\n<meta name=\"twitter:label1\" content=\"Est. tempo de leitura\" \/>\n\t<meta name=\"twitter:data1\" content=\"3 minutos\" \/>\n<script type=\"application\/ld+json\" class=\"yoast-schema-graph\">{\"@context\":\"https:\/\/schema.org\",\"@graph\":[{\"@type\":\"WebPage\",\"@id\":\"https:\/\/microformats.com.br\/blog\/home\/\",\"url\":\"https:\/\/microformats.com.br\/blog\/home\/\",\"name\":\"Home - Informa\u00e7\u00f5es e Formatos\",\"isPartOf\":{\"@id\":\"https:\/\/microformats.com.br\/blog\/#website\"},\"datePublished\":\"2021-09-30T15:16:53+00:00\",\"breadcrumb\":{\"@id\":\"https:\/\/microformats.com.br\/blog\/home\/#breadcrumb\"},\"inLanguage\":\"pt-BR\",\"potentialAction\":[{\"@type\":\"ReadAction\",\"target\":[\"https:\/\/microformats.com.br\/blog\/home\/\"]}]},{\"@type\":\"BreadcrumbList\",\"@id\":\"https:\/\/microformats.com.br\/blog\/home\/#breadcrumb\",\"itemListElement\":[{\"@type\":\"ListItem\",\"position\":1,\"name\":\"In\u00edcio\",\"item\":\"https:\/\/microformats.com.br\/blog\/\"},{\"@type\":\"ListItem\",\"position\":2,\"name\":\"Home\"}]},{\"@type\":\"WebSite\",\"@id\":\"https:\/\/microformats.com.br\/blog\/#website\",\"url\":\"https:\/\/microformats.com.br\/blog\/\",\"name\":\"Informa\u00e7\u00f5es e Formatos\",\"description\":\"Blog com todos os formatos da informa\u00e7\u00e3o\",\"potentialAction\":[{\"@type\":\"SearchAction\",\"target\":{\"@type\":\"EntryPoint\",\"urlTemplate\":\"https:\/\/microformats.com.br\/blog\/?s={search_term_string}\"},\"query-input\":{\"@type\":\"PropertyValueSpecification\",\"valueRequired\":true,\"valueName\":\"search_term_string\"}}],\"inLanguage\":\"pt-BR\"}]}<\/script>\n<!-- \/ Yoast SEO plugin. -->","yoast_head_json":{"title":"Home - Informa\u00e7\u00f5es e Formatos","robots":{"index":"index","follow":"follow","max-snippet":"max-snippet:-1","max-image-preview":"max-image-preview:large","max-video-preview":"max-video-preview:-1"},"canonical":"https:\/\/microformats.com.br\/blog\/home\/","og_locale":"pt_BR","og_type":"article","og_title":"Home - Informa\u00e7\u00f5es e Formatos","og_url":"https:\/\/microformats.com.br\/blog\/home\/","og_site_name":"Informa\u00e7\u00f5es e Formatos","twitter_card":"summary_large_image","twitter_misc":{"Est. tempo de leitura":"3 minutos"},"schema":{"@context":"https:\/\/schema.org","@graph":[{"@type":"WebPage","@id":"https:\/\/microformats.com.br\/blog\/home\/","url":"https:\/\/microformats.com.br\/blog\/home\/","name":"Home - Informa\u00e7\u00f5es e Formatos","isPartOf":{"@id":"https:\/\/microformats.com.br\/blog\/#website"},"datePublished":"2021-09-30T15:16:53+00:00","breadcrumb":{"@id":"https:\/\/microformats.com.br\/blog\/home\/#breadcrumb"},"inLanguage":"pt-BR","potentialAction":[{"@type":"ReadAction","target":["https:\/\/microformats.com.br\/blog\/home\/"]}]},{"@type":"BreadcrumbList","@id":"https:\/\/microformats.com.br\/blog\/home\/#breadcrumb","itemListElement":[{"@type":"ListItem","position":1,"name":"In\u00edcio","item":"https:\/\/microformats.com.br\/blog\/"},{"@type":"ListItem","position":2,"name":"Home"}]},{"@type":"WebSite","@id":"https:\/\/microformats.com.br\/blog\/#website","url":"https:\/\/microformats.com.br\/blog\/","name":"Informa\u00e7\u00f5es e Formatos","description":"Blog com todos os formatos da informa\u00e7\u00e3o","potentialAction":[{"@type":"SearchAction","target":{"@type":"EntryPoint","urlTemplate":"https:\/\/microformats.com.br\/blog\/?s={search_term_string}"},"query-input":{"@type":"PropertyValueSpecification","valueRequired":true,"valueName":"search_term_string"}}],"inLanguage":"pt-BR"}]}},"_links":{"self":[{"href":"https:\/\/microformats.com.br\/blog\/wp-json\/wp\/v2\/pages\/27","targetHints":{"allow":["GET"]}}],"collection":[{"href":"https:\/\/microformats.com.br\/blog\/wp-json\/wp\/v2\/pages"}],"about":[{"href":"https:\/\/microformats.com.br\/blog\/wp-json\/wp\/v2\/types\/page"}],"replies":[{"embeddable":true,"href":"https:\/\/microformats.com.br\/blog\/wp-json\/wp\/v2\/comments?post=27"}],"version-history":[{"count":1,"href":"https:\/\/microformats.com.br\/blog\/wp-json\/wp\/v2\/pages\/27\/revisions"}],"predecessor-version":[{"id":32,"href":"https:\/\/microformats.com.br\/blog\/wp-json\/wp\/v2\/pages\/27\/revisions\/32"}],"wp:attachment":[{"href":"https:\/\/microformats.com.br\/blog\/wp-json\/wp\/v2\/media?parent=27"}],"curies":[{"name":"wp","href":"https:\/\/api.w.org\/{rel}","templated":true}]}}